{"id":9,"date":"2025-01-23T12:15:51","date_gmt":"2025-01-23T11:15:51","guid":{"rendered":"https:\/\/masz.pl\/?page_id=9"},"modified":"2025-01-23T12:17:31","modified_gmt":"2025-01-23T11:17:31","slug":"tymczas","status":"publish","type":"page","link":"https:\/\/masz.pl\/","title":{"rendered":"strona tymczasowa"},"content":{"rendered":"<p>[et_pb_section fb_built=&#8221;1&#8243; custom_padding_last_edited=&#8221;off|tablet&#8221; admin_label=&#8221;Header&#8221; _builder_version=&#8221;4.16&#8243; _module_preset=&#8221;default&#8221; background_enable_color=&#8221;off&#8221; use_background_color_gradient=&#8221;on&#8221; background_color_gradient_direction=&#8221;90deg&#8221; background_color_gradient_stops=&#8221;#8300e9 0%|rgba(0,0,0,0) 100%&#8221; background_color_gradient_overlays_image=&#8221;on&#8221; background_color_gradient_start=&#8221;#8300e9&#8243; background_color_gradient_end=&#8221;rgba(0,0,0,0)&#8221; background_image=&#8221;https:\/\/masz.pl\/wp-content\/uploads\/2025\/01\/high-school_32.jpg&#8221; custom_padding=&#8221;10vw||0px||false|false&#8221; custom_padding_tablet=&#8221;||||false|false&#8221; global_colors_info=&#8221;{}&#8221; theme_builder_area=&#8221;post_content&#8221;][et_pb_row _builder_version=&#8221;4.16&#8243; _module_preset=&#8221;default&#8221; global_colors_info=&#8221;{}&#8221; theme_builder_area=&#8221;post_content&#8221;][et_pb_column type=&#8221;4_4&#8243; _builder_version=&#8221;4.16&#8243; _module_preset=&#8221;default&#8221; global_colors_info=&#8221;{}&#8221; theme_builder_area=&#8221;post_content&#8221;][et_pb_divider show_divider=&#8221;off&#8221; _builder_version=&#8221;4.16&#8243; _module_preset=&#8221;default&#8221; background_image=&#8221;https:\/\/masz.pl\/wp-content\/uploads\/2025\/01\/high-school_48.png&#8221; background_size=&#8221;initial&#8221; background_position=&#8221;top_left&#8221; background_repeat=&#8221;repeat-x&#8221; custom_margin=&#8221;|380px|10px|-30vw|false|false&#8221; global_colors_info=&#8221;{}&#8221; theme_builder_area=&#8221;post_content&#8221;][\/et_pb_divider][et_pb_text _builder_version=&#8221;4.27.4&#8243; _module_preset=&#8221;e598b17a-9229-42f6-b238-019d6094332e&#8221; header_font=&#8221;Roboto|500|||||||&#8221; header_text_color=&#8221;#FFFFFF&#8221; header_font_size=&#8221;80px&#8221; header_line_height=&#8221;1.15em&#8221; max_width=&#8221;800px&#8221; hover_enabled=&#8221;0&#8243; header_font_size_tablet=&#8221;40px&#8221; header_font_size_phone=&#8221;24px&#8221; header_font_size_last_edited=&#8221;on|desktop&#8221; locked=&#8221;off&#8221; global_colors_info=&#8221;{}&#8221; theme_builder_area=&#8221;post_content&#8221; sticky_enabled=&#8221;0&#8243;]<\/p>\n<h1>Tu powstaje strona masz.pl<\/h1>\n<p>[\/et_pb_text][\/et_pb_column][\/et_pb_row][et_pb_row column_structure=&#8221;1_6,1_6,1_6,1_6,1_6,1_6&#8243; use_custom_gutter=&#8221;on&#8221; gutter_width=&#8221;1&#8243; make_equal=&#8221;on&#8221; _builder_version=&#8221;4.16&#8243; _module_preset=&#8221;default&#8221; width=&#8221;100%&#8221; max_width=&#8221;100%&#8221; custom_margin=&#8221;6vw||||false|false&#8221; custom_margin_tablet=&#8221;0px||||false|false&#8221; custom_margin_last_edited=&#8221;off|desktop&#8221; custom_padding=&#8221;0px||0px||true|false&#8221; global_colors_info=&#8221;{}&#8221; theme_builder_area=&#8221;post_content&#8221;][et_pb_column type=&#8221;1_6&#8243; _builder_version=&#8221;4.16&#8243; _module_preset=&#8221;default&#8221; background_color=&#8221;rgba(245,201,102,0.8)&#8221; background_image=&#8221;https:\/\/masz.pl\/wp-content\/uploads\/2025\/01\/high-school_50.png&#8221; background_size=&#8221;initial&#8221; background_position=&#8221;top_left&#8221; background_repeat=&#8221;repeat-x&#8221; custom_padding=&#8221;60px|30px|40px|30px|false|true&#8221; custom_padding_tablet=&#8221;40px|20px|20px|20px|false|true&#8221; custom_padding_phone=&#8221;40px|20px|20px|20px|false|true&#8221; custom_padding_last_edited=&#8221;on|desktop&#8221; global_colors_info=&#8221;{}&#8221; theme_builder_area=&#8221;post_content&#8221;][et_pb_text _builder_version=&#8221;4.27.4&#8243; _module_preset=&#8221;38128ce4-78a8-4c45-b3ff-f4fb37f074f0&#8243; header_font=&#8221;||||||||&#8221; header_4_font=&#8221;Roboto|500|||||||&#8221; header_4_text_color=&#8221;#FFFFFF&#8221; header_4_line_height=&#8221;1.5em&#8221; hover_enabled=&#8221;0&#8243; header_4_font_size_tablet=&#8221;16px&#8221; header_4_font_size_phone=&#8221;14px&#8221; header_4_font_size_last_edited=&#8221;on|tablet&#8221; locked=&#8221;off&#8221; global_colors_info=&#8221;{}&#8221; theme_builder_area=&#8221;post_content&#8221; sticky_enabled=&#8221;0&#8243;]<\/p>\n<h4>Kim jestesmy<\/h4>\n<p>[\/et_pb_text][et_pb_text _builder_version=&#8221;4.27.4&#8243; _module_preset=&#8221;7262e956-c376-4aa6-9642-c413f71527d0&#8243; text_text_color=&#8221;#FFFFFF&#8221; text_line_height=&#8221;1.8em&#8221; hover_enabled=&#8221;0&#8243; header_font_size_tablet=&#8221;55px&#8221; header_font_size_last_edited=&#8221;off|desktop&#8221; locked=&#8221;off&#8221; global_colors_info=&#8221;{}&#8221; theme_builder_area=&#8221;post_content&#8221; sticky_enabled=&#8221;0&#8243;]<\/p>\n<p>O nas juz niebawem na tej stronie<\/p>\n<p>[\/et_pb_text][et_pb_image src=&#8221;https:\/\/masz.pl\/wp-content\/uploads\/2025\/01\/high-school_26.png&#8221; title_text=&#8221;high-school_26&#8243; url=&#8221;#&#8221; _builder_version=&#8221;4.16&#8243; _module_preset=&#8221;default&#8221; custom_margin=&#8221;20px||||false|false&#8221; global_colors_info=&#8221;{}&#8221; theme_builder_area=&#8221;post_content&#8221;][\/et_pb_image][\/et_pb_column][et_pb_column type=&#8221;1_6&#8243; _builder_version=&#8221;4.16&#8243; _module_preset=&#8221;default&#8221; background_color=&#8221;rgba(247,130,126,0.8)&#8221; background_image=&#8221;https:\/\/masz.pl\/wp-content\/uploads\/2025\/01\/high-school_50.png&#8221; background_size=&#8221;initial&#8221; background_position=&#8221;top_left&#8221; background_repeat=&#8221;repeat-x&#8221; custom_padding=&#8221;60px|30px|40px|30px|false|true&#8221; custom_padding_tablet=&#8221;40px|20px|20px|20px|false|true&#8221; custom_padding_phone=&#8221;40px|20px|20px|20px|false|true&#8221; custom_padding_last_edited=&#8221;on|desktop&#8221; global_colors_info=&#8221;{}&#8221; theme_builder_area=&#8221;post_content&#8221;][et_pb_text _builder_version=&#8221;4.27.4&#8243; _module_preset=&#8221;38128ce4-78a8-4c45-b3ff-f4fb37f074f0&#8243; header_font=&#8221;||||||||&#8221; header_4_font=&#8221;Roboto|500|||||||&#8221; header_4_text_color=&#8221;#FFFFFF&#8221; header_4_line_height=&#8221;1.5em&#8221; hover_enabled=&#8221;0&#8243; header_4_font_size_tablet=&#8221;16px&#8221; header_4_font_size_phone=&#8221;14px&#8221; header_4_font_size_last_edited=&#8221;on|tablet&#8221; locked=&#8221;off&#8221; global_colors_info=&#8221;{}&#8221; theme_builder_area=&#8221;post_content&#8221; sticky_enabled=&#8221;0&#8243;]<\/p>\n<h4>Co robimy<\/h4>\n<p>[\/et_pb_text][et_pb_text _builder_version=&#8221;4.27.4&#8243; _module_preset=&#8221;7262e956-c376-4aa6-9642-c413f71527d0&#8243; text_text_color=&#8221;#FFFFFF&#8221; text_line_height=&#8221;1.8em&#8221; hover_enabled=&#8221;0&#8243; header_font_size_tablet=&#8221;55px&#8221; header_font_size_last_edited=&#8221;off|desktop&#8221; locked=&#8221;off&#8221; global_colors_info=&#8221;{}&#8221; theme_builder_area=&#8221;post_content&#8221; sticky_enabled=&#8221;0&#8243;]<\/p>\n<p>O tym juz niebawem na tej stronie<\/p>\n<p>[\/et_pb_text][et_pb_image src=&#8221;https:\/\/masz.pl\/wp-content\/uploads\/2025\/01\/high-school_26.png&#8221; title_text=&#8221;high-school_26&#8243; url=&#8221;#&#8221; _builder_version=&#8221;4.16&#8243; _module_preset=&#8221;default&#8221; custom_margin=&#8221;20px||||false|false&#8221; locked=&#8221;off&#8221; global_colors_info=&#8221;{}&#8221; theme_builder_area=&#8221;post_content&#8221;][\/et_pb_image][\/et_pb_column][et_pb_column type=&#8221;1_6&#8243; _builder_version=&#8221;4.16&#8243; _module_preset=&#8221;default&#8221; background_color=&#8221;rgba(242,55,170,0.8)&#8221; background_image=&#8221;https:\/\/masz.pl\/wp-content\/uploads\/2025\/01\/high-school_50.png&#8221; background_size=&#8221;initial&#8221; background_position=&#8221;top_left&#8221; background_repeat=&#8221;repeat-x&#8221; custom_padding=&#8221;60px|30px|40px|30px|false|true&#8221; custom_padding_tablet=&#8221;40px|20px|20px|20px|false|true&#8221; custom_padding_phone=&#8221;40px|20px|20px|20px|false|true&#8221; custom_padding_last_edited=&#8221;on|desktop&#8221; global_colors_info=&#8221;{}&#8221; theme_builder_area=&#8221;post_content&#8221;][et_pb_text _builder_version=&#8221;4.27.4&#8243; _module_preset=&#8221;38128ce4-78a8-4c45-b3ff-f4fb37f074f0&#8243; header_font=&#8221;||||||||&#8221; header_4_font=&#8221;Roboto|500|||||||&#8221; header_4_text_color=&#8221;#FFFFFF&#8221; header_4_line_height=&#8221;1.5em&#8221; hover_enabled=&#8221;0&#8243; header_4_font_size_tablet=&#8221;16px&#8221; header_4_font_size_phone=&#8221;14px&#8221; header_4_font_size_last_edited=&#8221;on|tablet&#8221; locked=&#8221;off&#8221; global_colors_info=&#8221;{}&#8221; theme_builder_area=&#8221;post_content&#8221; sticky_enabled=&#8221;0&#8243;]<\/p>\n<h4>Dlaczego robimy<\/h4>\n<p>[\/et_pb_text][et_pb_text _builder_version=&#8221;4.27.4&#8243; _module_preset=&#8221;7262e956-c376-4aa6-9642-c413f71527d0&#8243; text_text_color=&#8221;#FFFFFF&#8221; text_line_height=&#8221;1.8em&#8221; hover_enabled=&#8221;0&#8243; header_font_size_tablet=&#8221;55px&#8221; header_font_size_last_edited=&#8221;off|desktop&#8221; locked=&#8221;off&#8221; global_colors_info=&#8221;{}&#8221; theme_builder_area=&#8221;post_content&#8221; sticky_enabled=&#8221;0&#8243;]<\/p>\n<p>O motywacjach juz niebawem na tej stronie<\/p>\n<p>[\/et_pb_text][et_pb_image src=&#8221;https:\/\/masz.pl\/wp-content\/uploads\/2025\/01\/high-school_26.png&#8221; title_text=&#8221;high-school_26&#8243; url=&#8221;#&#8221; _builder_version=&#8221;4.16&#8243; _module_preset=&#8221;default&#8221; custom_margin=&#8221;20px||||false|false&#8221; locked=&#8221;off&#8221; global_colors_info=&#8221;{}&#8221; theme_builder_area=&#8221;post_content&#8221;][\/et_pb_image][\/et_pb_column][et_pb_column type=&#8221;1_6&#8243; _builder_version=&#8221;4.16&#8243; _module_preset=&#8221;default&#8221; background_color=&#8221;rgba(31,63,168,0.8)&#8221; background_image=&#8221;https:\/\/masz.pl\/wp-content\/uploads\/2025\/01\/high-school_50.png&#8221; background_size=&#8221;initial&#8221; background_position=&#8221;top_left&#8221; background_repeat=&#8221;repeat-x&#8221; custom_padding=&#8221;60px|30px|40px|30px|false|true&#8221; custom_padding_tablet=&#8221;40px|20px|20px|20px|false|true&#8221; custom_padding_phone=&#8221;40px|20px|20px|20px|false|true&#8221; custom_padding_last_edited=&#8221;on|desktop&#8221; global_colors_info=&#8221;{}&#8221; theme_builder_area=&#8221;post_content&#8221;][et_pb_text _builder_version=&#8221;4.27.4&#8243; _module_preset=&#8221;38128ce4-78a8-4c45-b3ff-f4fb37f074f0&#8243; header_font=&#8221;||||||||&#8221; header_4_font=&#8221;Roboto|500|||||||&#8221; header_4_text_color=&#8221;#FFFFFF&#8221; header_4_line_height=&#8221;1.5em&#8221; hover_enabled=&#8221;0&#8243; header_4_font_size_tablet=&#8221;16px&#8221; header_4_font_size_phone=&#8221;14px&#8221; header_4_font_size_last_edited=&#8221;on|tablet&#8221; locked=&#8221;off&#8221; global_colors_info=&#8221;{}&#8221; theme_builder_area=&#8221;post_content&#8221; sticky_enabled=&#8221;0&#8243;]<\/p>\n<h4>Jak dzia\u0142amy<\/h4>\n<p>[\/et_pb_text][et_pb_text _builder_version=&#8221;4.27.4&#8243; _module_preset=&#8221;7262e956-c376-4aa6-9642-c413f71527d0&#8243; text_text_color=&#8221;#FFFFFF&#8221; text_line_height=&#8221;1.8em&#8221; hover_enabled=&#8221;0&#8243; header_font_size_tablet=&#8221;55px&#8221; header_font_size_last_edited=&#8221;off|desktop&#8221; locked=&#8221;off&#8221; global_colors_info=&#8221;{}&#8221; theme_builder_area=&#8221;post_content&#8221; sticky_enabled=&#8221;0&#8243;]<\/p>\n<p>O metodach juz niebawem na tej stronie<\/p>\n<p>[\/et_pb_text][et_pb_image src=&#8221;https:\/\/masz.pl\/wp-content\/uploads\/2025\/01\/high-school_26.png&#8221; title_text=&#8221;high-school_26&#8243; url=&#8221;#&#8221; _builder_version=&#8221;4.16&#8243; _module_preset=&#8221;default&#8221; custom_margin=&#8221;20px||||false|false&#8221; locked=&#8221;off&#8221; global_colors_info=&#8221;{}&#8221; theme_builder_area=&#8221;post_content&#8221;][\/et_pb_image][\/et_pb_column][et_pb_column type=&#8221;1_6&#8243; _builder_version=&#8221;4.16&#8243; _module_preset=&#8221;default&#8221; background_color=&#8221;rgba(98,172,172,0.8)&#8221; background_image=&#8221;https:\/\/masz.pl\/wp-content\/uploads\/2025\/01\/high-school_50.png&#8221; background_size=&#8221;initial&#8221; background_position=&#8221;top_left&#8221; background_repeat=&#8221;repeat-x&#8221; custom_padding=&#8221;60px|30px|40px|30px|false|true&#8221; custom_padding_tablet=&#8221;40px|20px|20px|20px|false|true&#8221; custom_padding_phone=&#8221;40px|20px|20px|20px|false|true&#8221; custom_padding_last_edited=&#8221;on|desktop&#8221; global_colors_info=&#8221;{}&#8221; theme_builder_area=&#8221;post_content&#8221;][et_pb_text _builder_version=&#8221;4.27.4&#8243; _module_preset=&#8221;38128ce4-78a8-4c45-b3ff-f4fb37f074f0&#8243; header_font=&#8221;||||||||&#8221; header_4_font=&#8221;Roboto|500|||||||&#8221; header_4_text_color=&#8221;#FFFFFF&#8221; header_4_line_height=&#8221;1.5em&#8221; hover_enabled=&#8221;0&#8243; header_4_font_size_tablet=&#8221;16px&#8221; header_4_font_size_phone=&#8221;14px&#8221; header_4_font_size_last_edited=&#8221;on|tablet&#8221; locked=&#8221;off&#8221; global_colors_info=&#8221;{}&#8221; theme_builder_area=&#8221;post_content&#8221; sticky_enabled=&#8221;0&#8243;]<\/p>\n<h4>Z kim dzia\u0142amy<\/h4>\n<p>[\/et_pb_text][et_pb_text _builder_version=&#8221;4.27.4&#8243; _module_preset=&#8221;7262e956-c376-4aa6-9642-c413f71527d0&#8243; text_text_color=&#8221;#FFFFFF&#8221; text_line_height=&#8221;1.8em&#8221; hover_enabled=&#8221;0&#8243; header_font_size_tablet=&#8221;55px&#8221; header_font_size_last_edited=&#8221;off|desktop&#8221; locked=&#8221;off&#8221; global_colors_info=&#8221;{}&#8221; theme_builder_area=&#8221;post_content&#8221; sticky_enabled=&#8221;0&#8243;]<\/p>\n<p>O partnerach juz niebawem na tej stronie<\/p>\n<p>[\/et_pb_text][et_pb_image src=&#8221;https:\/\/masz.pl\/wp-content\/uploads\/2025\/01\/high-school_26.png&#8221; title_text=&#8221;high-school_26&#8243; url=&#8221;#&#8221; _builder_version=&#8221;4.16&#8243; _module_preset=&#8221;default&#8221; custom_margin=&#8221;20px||||false|false&#8221; locked=&#8221;off&#8221; global_colors_info=&#8221;{}&#8221; theme_builder_area=&#8221;post_content&#8221;][\/et_pb_image][\/et_pb_column][et_pb_column type=&#8221;1_6&#8243; _builder_version=&#8221;4.16&#8243; _module_preset=&#8221;default&#8221; background_color=&#8221;rgba(0,0,0,0.8)&#8221; background_image=&#8221;https:\/\/masz.pl\/wp-content\/uploads\/2025\/01\/high-school_50.png&#8221; background_size=&#8221;initial&#8221; background_position=&#8221;top_left&#8221; background_repeat=&#8221;repeat-x&#8221; custom_padding=&#8221;60px|30px|40px|30px|false|true&#8221; custom_padding_tablet=&#8221;40px|20px|20px|20px|false|true&#8221; custom_padding_phone=&#8221;40px|20px|20px|20px|false|true&#8221; custom_padding_last_edited=&#8221;on|desktop&#8221; global_colors_info=&#8221;{}&#8221; theme_builder_area=&#8221;post_content&#8221;][et_pb_text _builder_version=&#8221;4.27.4&#8243; _module_preset=&#8221;38128ce4-78a8-4c45-b3ff-f4fb37f074f0&#8243; header_font=&#8221;||||||||&#8221; header_4_font=&#8221;Roboto|500|||||||&#8221; header_4_text_color=&#8221;#FFFFFF&#8221; header_4_line_height=&#8221;1.5em&#8221; hover_enabled=&#8221;0&#8243; header_4_font_size_tablet=&#8221;16px&#8221; header_4_font_size_phone=&#8221;14px&#8221; header_4_font_size_last_edited=&#8221;on|tablet&#8221; locked=&#8221;off&#8221; global_colors_info=&#8221;{}&#8221; theme_builder_area=&#8221;post_content&#8221; sticky_enabled=&#8221;0&#8243;]<\/p>\n<h4>Kiedy dzia\u0142amy<\/h4>\n<p>[\/et_pb_text][et_pb_text _builder_version=&#8221;4.27.4&#8243; _module_preset=&#8221;7262e956-c376-4aa6-9642-c413f71527d0&#8243; text_text_color=&#8221;#FFFFFF&#8221; text_line_height=&#8221;1.8em&#8221; hover_enabled=&#8221;0&#8243; header_font_size_tablet=&#8221;55px&#8221; header_font_size_last_edited=&#8221;off|desktop&#8221; locked=&#8221;off&#8221; global_colors_info=&#8221;{}&#8221; theme_builder_area=&#8221;post_content&#8221; sticky_enabled=&#8221;0&#8243;]<\/p>\n<p>Juz niebawem na tej stronie \ud83d\ude42<\/p>\n<p>[\/et_pb_text][et_pb_image src=&#8221;https:\/\/masz.pl\/wp-content\/uploads\/2025\/01\/high-school_26.png&#8221; title_text=&#8221;high-school_26&#8243; _builder_version=&#8221;4.16&#8243; _module_preset=&#8221;default&#8221; custom_margin=&#8221;20px||||false|false&#8221; locked=&#8221;off&#8221; global_colors_info=&#8221;{}&#8221; theme_builder_area=&#8221;post_content&#8221;][\/et_pb_image][\/et_pb_column][\/et_pb_row][\/et_pb_section]<\/p>\n","protected":false},"excerpt":{"rendered":"<p>Tu powstaje strona masz.plKim jestesmyO nas juz niebawem na tej stronieCo robimyO tym juz niebawem na tej stronieDlaczego robimyO motywacjach juz niebawem na tej stronieJak dzia\u0142amyO metodach juz niebawem na tej stronieZ kim dzia\u0142amyO partnerach juz niebawem na tej stronieKiedy dzia\u0142amyJuz niebawem na tej stronie \ud83d\ude42<\/p>\n","protected":false},"author":1,"featured_media":0,"parent":0,"menu_order":0,"comment_status":"closed","ping_status":"closed","template":"","meta":{"_et_pb_use_builder":"on","_et_pb_old_content":"","_et_gb_content_width":"","footnotes":""},"class_list":["post-9","page","type-page","status-publish","hentry"],"yoast_head":"<!-- This site is optimized with the Yoast SEO plugin v24.3 - https:\/\/yoast.com\/wordpress\/plugins\/seo\/ -->\n<title>strona tymczasowa - masz<\/title>\n<meta name=\"robots\" content=\"index, follow, max-snippet:-1, max-image-preview:large, max-video-preview:-1\" \/>\n<link rel=\"canonical\" href=\"https:\/\/masz.pl\/\" \/>\n<meta property=\"og:locale\" content=\"pl_PL\" \/>\n<meta property=\"og:type\" content=\"article\" \/>\n<meta property=\"og:title\" content=\"strona tymczasowa - masz\" \/>\n<meta property=\"og:description\" content=\"Tu powstaje strona masz.plKim jestesmyO nas juz niebawem na tej stronieCo robimyO tym juz niebawem na tej stronieDlaczego robimyO motywacjach juz niebawem na tej stronieJak dzia\u0142amyO metodach juz niebawem na tej stronieZ kim dzia\u0142amyO partnerach juz niebawem na tej stronieKiedy dzia\u0142amyJuz niebawem na tej stronie :-)\" \/>\n<meta property=\"og:url\" content=\"https:\/\/masz.pl\/\" \/>\n<meta property=\"og:site_name\" content=\"masz\" \/>\n<meta property=\"article:modified_time\" content=\"2025-01-23T11:17:31+00:00\" \/>\n<meta name=\"twitter:card\" content=\"summary_large_image\" \/>\n<script type=\"application\/ld+json\" class=\"yoast-schema-graph\">{\"@context\":\"https:\/\/schema.org\",\"@graph\":[{\"@type\":\"WebPage\",\"@id\":\"https:\/\/masz.pl\/\",\"url\":\"https:\/\/masz.pl\/\",\"name\":\"strona tymczasowa - masz\",\"isPartOf\":{\"@id\":\"https:\/\/masz.pl\/#website\"},\"datePublished\":\"2025-01-23T11:15:51+00:00\",\"dateModified\":\"2025-01-23T11:17:31+00:00\",\"breadcrumb\":{\"@id\":\"https:\/\/masz.pl\/#breadcrumb\"},\"inLanguage\":\"pl-PL\",\"potentialAction\":[{\"@type\":\"ReadAction\",\"target\":[\"https:\/\/masz.pl\/\"]}]},{\"@type\":\"BreadcrumbList\",\"@id\":\"https:\/\/masz.pl\/#breadcrumb\",\"itemListElement\":[{\"@type\":\"ListItem\",\"position\":1,\"name\":\"Home\",\"item\":\"https:\/\/masz.pl\/\"},{\"@type\":\"ListItem\",\"position\":2,\"name\":\"strona tymczasowa\"}]},{\"@type\":\"WebSite\",\"@id\":\"https:\/\/masz.pl\/#website\",\"url\":\"https:\/\/masz.pl\/\",\"name\":\"masz\",\"description\":\"masz nas masz szcz\u0119\u015bcie\",\"potentialAction\":[{\"@type\":\"SearchAction\",\"target\":{\"@type\":\"EntryPoint\",\"urlTemplate\":\"https:\/\/masz.pl\/?s={search_term_string}\"},\"query-input\":{\"@type\":\"PropertyValueSpecification\",\"valueRequired\":true,\"valueName\":\"search_term_string\"}}],\"inLanguage\":\"pl-PL\"}]}<\/script>\n<!-- \/ Yoast SEO plugin. -->","yoast_head_json":{"title":"strona tymczasowa - masz","robots":{"index":"index","follow":"follow","max-snippet":"max-snippet:-1","max-image-preview":"max-image-preview:large","max-video-preview":"max-video-preview:-1"},"canonical":"https:\/\/masz.pl\/","og_locale":"pl_PL","og_type":"article","og_title":"strona tymczasowa - masz","og_description":"Tu powstaje strona masz.plKim jestesmyO nas juz niebawem na tej stronieCo robimyO tym juz niebawem na tej stronieDlaczego robimyO motywacjach juz niebawem na tej stronieJak dzia\u0142amyO metodach juz niebawem na tej stronieZ kim dzia\u0142amyO partnerach juz niebawem na tej stronieKiedy dzia\u0142amyJuz niebawem na tej stronie :-)","og_url":"https:\/\/masz.pl\/","og_site_name":"masz","article_modified_time":"2025-01-23T11:17:31+00:00","twitter_card":"summary_large_image","schema":{"@context":"https:\/\/schema.org","@graph":[{"@type":"WebPage","@id":"https:\/\/masz.pl\/","url":"https:\/\/masz.pl\/","name":"strona tymczasowa - masz","isPartOf":{"@id":"https:\/\/masz.pl\/#website"},"datePublished":"2025-01-23T11:15:51+00:00","dateModified":"2025-01-23T11:17:31+00:00","breadcrumb":{"@id":"https:\/\/masz.pl\/#breadcrumb"},"inLanguage":"pl-PL","potentialAction":[{"@type":"ReadAction","target":["https:\/\/masz.pl\/"]}]},{"@type":"BreadcrumbList","@id":"https:\/\/masz.pl\/#breadcrumb","itemListElement":[{"@type":"ListItem","position":1,"name":"Home","item":"https:\/\/masz.pl\/"},{"@type":"ListItem","position":2,"name":"strona tymczasowa"}]},{"@type":"WebSite","@id":"https:\/\/masz.pl\/#website","url":"https:\/\/masz.pl\/","name":"masz","description":"masz nas masz szcz\u0119\u015bcie","potentialAction":[{"@type":"SearchAction","target":{"@type":"EntryPoint","urlTemplate":"https:\/\/masz.pl\/?s={search_term_string}"},"query-input":{"@type":"PropertyValueSpecification","valueRequired":true,"valueName":"search_term_string"}}],"inLanguage":"pl-PL"}]}},"_links":{"self":[{"href":"https:\/\/masz.pl\/index.php?rest_route=\/wp\/v2\/pages\/9","targetHints":{"allow":["GET"]}}],"collection":[{"href":"https:\/\/masz.pl\/index.php?rest_route=\/wp\/v2\/pages"}],"about":[{"href":"https:\/\/masz.pl\/index.php?rest_route=\/wp\/v2\/types\/page"}],"author":[{"embeddable":true,"href":"https:\/\/masz.pl\/index.php?rest_route=\/wp\/v2\/users\/1"}],"replies":[{"embeddable":true,"href":"https:\/\/masz.pl\/index.php?rest_route=%2Fwp%2Fv2%2Fcomments&post=9"}],"version-history":[{"count":3,"href":"https:\/\/masz.pl\/index.php?rest_route=\/wp\/v2\/pages\/9\/revisions"}],"predecessor-version":[{"id":28,"href":"https:\/\/masz.pl\/index.php?rest_route=\/wp\/v2\/pages\/9\/revisions\/28"}],"wp:attachment":[{"href":"https:\/\/masz.pl\/index.php?rest_route=%2Fwp%2Fv2%2Fmedia&parent=9"}],"curies":[{"name":"wp","href":"https:\/\/api.w.org\/{rel}","templated":true}]}}